{"id":2246,"date":"2022-11-14T16:42:59","date_gmt":"2022-11-14T15:42:59","guid":{"rendered":"https:\/\/www.daroboxingclub.com\/?page_id=2246"},"modified":"2026-03-11T14:10:09","modified_gmt":"2026-03-11T13:10:09","slug":"blog","status":"publish","type":"page","link":"https:\/\/www.daroboxingclub.com\/es\/blog\/","title":{"rendered":"Blog"},"content":{"rendered":"<div data-elementor-type=\"wp-page\" data-elementor-id=\"2246\" class=\"elementor elementor-2246\" data-elementor-post-type=\"page\">\n\t\t\t\t\t\t<section class=\"elementor-section elementor-top-section elementor-element elementor-element-db52bf9 elementor-section-full_width elementor-section-height-default elementor-section-height-default\" data-id=\"db52bf9\" data-element_type=\"section\" data-e-type=\"section\">\n\t\t\t\t\t\t<div class=\"elementor-container elementor-column-gap-no\">\n\t\t\t\t\t<div class=\"elementor-column elementor-col-100 elementor-top-column elementor-element elementor-element-e4f3758\" data-id=\"e4f3758\" data-element_type=\"column\" data-e-type=\"column\">\n\t\t\t<div class=\"elementor-widget-wrap elementor-element-populated\">\n\t\t\t\t\t\t<div class=\"elementor-element elementor-element-77a9194 premium-blog-align-center elementor-widget elementor-widget-premium-addon-blog\" data-id=\"77a9194\" data-element_type=\"widget\" data-e-type=\"widget\" data-settings=\"{&quot;premium_blog_columns_number&quot;:&quot;100%&quot;,&quot;premium_blog_grid&quot;:&quot;yes&quot;,&quot;premium_blog_layout&quot;:&quot;even&quot;,&quot;premium_blog_columns_number_tablet&quot;:&quot;50%&quot;,&quot;premium_blog_columns_number_mobile&quot;:&quot;100%&quot;,&quot;scroll_to_offset&quot;:&quot;yes&quot;}\" data-widget_type=\"premium-addon-blog.default\">\n\t\t\t\t\t\n\t\t\n\n\t\t\t\t<div class=\"premium-blog-wrap  premium-blog-even\" data-page=\"2246\" data-pagination=\"true\">\n\t\t\t\t\t\t\t\t\t<div class=\"premium-blog-post-outer-container\" data-total=\"2\">\n\t\t\t<div class=\"premium-blog-post-container premium-blog-skin-side\">\n\t\t\t\t\t\t\t\t\t<div class=\"premium-blog-thumb-effect-wrapper\">\n\t\t\t\t\t\t<div class=\"premium-blog-thumbnail-container premium-blog-zoomin-effect\">\n\t\t\t\t\t\t\t<img fetchpriority=\"high\" decoding=\"async\" width=\"900\" height=\"600\" src=\"https:\/\/www.daroboxingclub.com\/wp-content\/uploads\/2026\/03\/DAro-boxing-club-Blog-Yanni-Chen-comenca-el-cami.jpg\" class=\"attachment-full size-full wp-image-4646\" alt=\"D&#039;Aro boxing club - Blog - Yanni Chen, comen\u00e7a el cam\u00ed\" srcset=\"https:\/\/www.daroboxingclub.com\/wp-content\/uploads\/2026\/03\/DAro-boxing-club-Blog-Yanni-Chen-comenca-el-cami.jpg 900w, https:\/\/www.daroboxingclub.com\/wp-content\/uploads\/2026\/03\/DAro-boxing-club-Blog-Yanni-Chen-comenca-el-cami-300x200.jpg 300w, https:\/\/www.daroboxingclub.com\/wp-content\/uploads\/2026\/03\/DAro-boxing-club-Blog-Yanni-Chen-comenca-el-cami-768x512.jpg 768w, https:\/\/www.daroboxingclub.com\/wp-content\/uploads\/2026\/03\/DAro-boxing-club-Blog-Yanni-Chen-comenca-el-cami-800x533.jpg 800w\" sizes=\"(max-width: 900px) 100vw, 900px\" \/>\t\t\t\t\t\t<\/div>\n\t\t\t\t\t\t\t\t\t\t\t\t\t<div class=\"premium-blog-thumbnail-overlay\">\n\t\t\t\t\t\t\t\t<a class=\"elementor-icon\" href=\"https:\/\/www.daroboxingclub.com\/es\/yanni-chen-comenca-el-cami\/\" target=\"_self\"><\/a>\n\t\t\t\t\t\t\t<\/div>\n\n\t\t\t\t\t\t\t\t\t\t\t\t\t\t\t\t\t\t<\/div>\n\t\t\t\t\t\t\t\t\t\t\t\t<div class=\"premium-blog-content-wrapper\">\n\n\t\t\t\t\t<div class=\"premium-blog-inner-container\">\n\n\t\t\t\t\t\t\t\t\t\t\t\t\t\t<h2 class=\"premium-blog-entry-title\">\n\t\t\t<a href=\"https:\/\/www.daroboxingclub.com\/es\/yanni-chen-comenca-el-cami\/\" target=\"_self\">\n\t\t\t\tYanni Chen, comienza el camino\t\t\t<\/a>\n\t\t<\/h2>\n\t\t\t\t<div class=\"premium-blog-entry-meta\">\n\t\t\t\n\t\t\t\t\t\t\t<span class=\"premium-blog-meta-separator\">\u2022<\/span>\n\t\t\t\t<div class=\"premium-blog-post-time premium-blog-meta-data\">\n\t\t\t\t\t<i class=\"fa fa-calendar-alt\" aria-hidden=\"true\"><\/i>\n\t\t\t\t\t<span>11\/03\/2026<\/span>\n\t\t\t\t<\/div>\n\t\t\t\n\t\t\t\n\t\t\t\t\t<\/div>\n\t\t\n\t\t\t\t\t<\/div>\n\n\t\t\t\t\t\t\t<div class=\"premium-blog-content-inner-wrapper\">\n\t\t<p class=\"premium-blog-post-content\">Esto que veis es la primera parte de un proyecto que se ha construido paso a paso durante meses. En este proceso no todo son buenos: siempre hay altibajos, pero lo m\u00e1s importante es<\/p><div class=\"premium-blog-excerpt-link-wrap\"><a href=\"https:\/\/www.daroboxingclub.com\/es\/yanni-chen-comenca-el-cami\/\" target=\"_self\" class=\"premium-blog-excerpt-link elementor-button\">Leer m\u00e1s \u00bb<\/a><\/div>\t\t<\/div>\n\t\t\t\t\t\t\t\n\t\t\t\t<\/div>\n\t\t\t<\/div>\n\t\t<\/div>\n\n\t\t\t\t<div class=\"premium-blog-post-outer-container\" data-total=\"2\">\n\t\t\t<div class=\"premium-blog-post-container premium-blog-skin-side\">\n\t\t\t\t\t\t\t\t\t<div class=\"premium-blog-thumb-effect-wrapper\">\n\t\t\t\t\t\t<div class=\"premium-blog-thumbnail-container premium-blog-zoomin-effect\">\n\t\t\t\t\t\t\t<img decoding=\"async\" width=\"900\" height=\"600\" src=\"https:\/\/www.daroboxingclub.com\/wp-content\/uploads\/2025\/07\/DAro-Boxing-Club-Blog-Casal-estiu-2025.jpg\" class=\"attachment-full size-full wp-image-4384\" alt=\"D&#039;Aro Boxing Club - Blog - Casal verano 2025\" srcset=\"https:\/\/www.daroboxingclub.com\/wp-content\/uploads\/2025\/07\/DAro-Boxing-Club-Blog-Casal-estiu-2025.jpg 900w, https:\/\/www.daroboxingclub.com\/wp-content\/uploads\/2025\/07\/DAro-Boxing-Club-Blog-Casal-estiu-2025-300x200.jpg 300w, https:\/\/www.daroboxingclub.com\/wp-content\/uploads\/2025\/07\/DAro-Boxing-Club-Blog-Casal-estiu-2025-768x512.jpg 768w, https:\/\/www.daroboxingclub.com\/wp-content\/uploads\/2025\/07\/DAro-Boxing-Club-Blog-Casal-estiu-2025-800x533.jpg 800w\" sizes=\"(max-width: 900px) 100vw, 900px\" \/>\t\t\t\t\t\t<\/div>\n\t\t\t\t\t\t\t\t\t\t\t\t\t<div class=\"premium-blog-thumbnail-overlay\">\n\t\t\t\t\t\t\t\t<a class=\"elementor-icon\" href=\"https:\/\/www.daroboxingclub.com\/es\/el-casal-contra-el-bullying-de-daro-boxing-club\/\" target=\"_self\"><\/a>\n\t\t\t\t\t\t\t<\/div>\n\n\t\t\t\t\t\t\t\t\t\t\t\t\t\t\t\t\t\t<\/div>\n\t\t\t\t\t\t\t\t\t\t\t\t<div class=\"premium-blog-content-wrapper\">\n\n\t\t\t\t\t<div class=\"premium-blog-inner-container\">\n\n\t\t\t\t\t\t\t\t\t\t\t\t\t\t<h2 class=\"premium-blog-entry-title\">\n\t\t\t<a href=\"https:\/\/www.daroboxingclub.com\/es\/el-casal-contra-el-bullying-de-daro-boxing-club\/\" target=\"_self\">\n\t\t\t\tEl casal contra el bullying de D'Aro Boxing Club\t\t\t<\/a>\n\t\t<\/h2>\n\t\t\t\t<div class=\"premium-blog-entry-meta\">\n\t\t\t\n\t\t\t\t\t\t\t<span class=\"premium-blog-meta-separator\">\u2022<\/span>\n\t\t\t\t<div class=\"premium-blog-post-time premium-blog-meta-data\">\n\t\t\t\t\t<i class=\"fa fa-calendar-alt\" aria-hidden=\"true\"><\/i>\n\t\t\t\t\t<span>12\/07\/2025<\/span>\n\t\t\t\t<\/div>\n\t\t\t\n\t\t\t\n\t\t\t\t\t<\/div>\n\t\t\n\t\t\t\t\t<\/div>\n\n\t\t\t\t\t\t\t<div class=\"premium-blog-content-inner-wrapper\">\n\t\t<p class=\"premium-blog-post-content\">Un verano para crecer fuertes por dentro y por fuera: el casal contra el bullying de D'Aro Boxing Club Este verano hemos repetido una nueva edici\u00f3n del casal de verano contra el bullying. Una iniciativa \u00fanica que<\/p><div class=\"premium-blog-excerpt-link-wrap\"><a href=\"https:\/\/www.daroboxingclub.com\/es\/el-casal-contra-el-bullying-de-daro-boxing-club\/\" target=\"_self\" class=\"premium-blog-excerpt-link elementor-button\">Leer m\u00e1s \u00bb<\/a><\/div>\t\t<\/div>\n\t\t\t\t\t\t\t\n\t\t\t\t<\/div>\n\t\t\t<\/div>\n\t\t<\/div>\n\n\t\t\t\t<div class=\"premium-blog-post-outer-container\" data-total=\"2\">\n\t\t\t<div class=\"premium-blog-post-container premium-blog-skin-side\">\n\t\t\t\t\t\t\t\t\t<div class=\"premium-blog-thumb-effect-wrapper\">\n\t\t\t\t\t\t<div class=\"premium-blog-thumbnail-container premium-blog-zoomin-effect\">\n\t\t\t\t\t\t\t<img decoding=\"async\" width=\"681\" height=\"960\" src=\"https:\/\/www.daroboxingclub.com\/wp-content\/uploads\/2024\/02\/DAro-Boxing-Club-Blog-Interclub-Tipi-Park.jpg\" class=\"attachment-full size-full wp-image-4133\" alt=\"D&#039;Aro Boxing Club - Blog - Interclub Tipi Park\" srcset=\"https:\/\/www.daroboxingclub.com\/wp-content\/uploads\/2024\/02\/DAro-Boxing-Club-Blog-Interclub-Tipi-Park.jpg 681w, https:\/\/www.daroboxingclub.com\/wp-content\/uploads\/2024\/02\/DAro-Boxing-Club-Blog-Interclub-Tipi-Park-213x300.jpg 213w\" sizes=\"(max-width: 681px) 100vw, 681px\" \/>\t\t\t\t\t\t<\/div>\n\t\t\t\t\t\t\t\t\t\t\t\t\t<div class=\"premium-blog-thumbnail-overlay\">\n\t\t\t\t\t\t\t\t<a class=\"elementor-icon\" href=\"https:\/\/www.daroboxingclub.com\/es\/primer-interclub-a-tipi-park\/\" target=\"_self\"><\/a>\n\t\t\t\t\t\t\t<\/div>\n\n\t\t\t\t\t\t\t\t\t\t\t\t\t\t\t\t\t\t<\/div>\n\t\t\t\t\t\t\t\t\t\t\t\t<div class=\"premium-blog-content-wrapper\">\n\n\t\t\t\t\t<div class=\"premium-blog-inner-container\">\n\n\t\t\t\t\t\t\t\t\t\t\t\t\t\t<h2 class=\"premium-blog-entry-title\">\n\t\t\t<a href=\"https:\/\/www.daroboxingclub.com\/es\/primer-interclub-a-tipi-park\/\" target=\"_self\">\n\t\t\t\tPrimer Interclub en Tipi Park\t\t\t<\/a>\n\t\t<\/h2>\n\t\t\t\t<div class=\"premium-blog-entry-meta\">\n\t\t\t\n\t\t\t\t\t\t\t<span class=\"premium-blog-meta-separator\">\u2022<\/span>\n\t\t\t\t<div class=\"premium-blog-post-time premium-blog-meta-data\">\n\t\t\t\t\t<i class=\"fa fa-calendar-alt\" aria-hidden=\"true\"><\/i>\n\t\t\t\t\t<span>26\/02\/2024<\/span>\n\t\t\t\t<\/div>\n\t\t\t\n\t\t\t\n\t\t\t\t\t<\/div>\n\t\t\n\t\t\t\t\t<\/div>\n\n\t\t\t\t\t\t\t<div class=\"premium-blog-content-inner-wrapper\">\n\t\t<p class=\"premium-blog-post-content\">En D'Aro Boxing Club arrancamos el a\u00f1o con ganas de aprender, de sumar, de compartir. Por eso, desde ahora y cada mes organizamos un encuentro Interclub en el complejo deportivo Tipi Park, nuestra sede de entrenamiento. El pasado s\u00e1bado<\/p><div class=\"premium-blog-excerpt-link-wrap\"><a href=\"https:\/\/www.daroboxingclub.com\/es\/primer-interclub-a-tipi-park\/\" target=\"_self\" class=\"premium-blog-excerpt-link elementor-button\">Leer m\u00e1s \u00bb<\/a><\/div>\t\t<\/div>\n\t\t\t\t\t\t\t\n\t\t\t\t<\/div>\n\t\t\t<\/div>\n\t\t<\/div>\n\n\t\t\t\t<div class=\"premium-blog-post-outer-container\" data-total=\"2\">\n\t\t\t<div class=\"premium-blog-post-container premium-blog-skin-side\">\n\t\t\t\t\t\t\t\t\t<div class=\"premium-blog-thumb-effect-wrapper\">\n\t\t\t\t\t\t<div class=\"premium-blog-thumbnail-container premium-blog-zoomin-effect\">\n\t\t\t\t\t\t\t<img loading=\"lazy\" decoding=\"async\" width=\"900\" height=\"600\" src=\"https:\/\/www.daroboxingclub.com\/wp-content\/uploads\/2023\/06\/DAro-Boxing-Club-Blog-Interclub-Vall-DAro-2023-01.jpg\" class=\"attachment-full size-full wp-image-4023\" alt=\"D&#039;Aro Boxing Club - Blog - Interclub Vall D&#039;Aro 2023\" srcset=\"https:\/\/www.daroboxingclub.com\/wp-content\/uploads\/2023\/06\/DAro-Boxing-Club-Blog-Interclub-Vall-DAro-2023-01.jpg 900w, https:\/\/www.daroboxingclub.com\/wp-content\/uploads\/2023\/06\/DAro-Boxing-Club-Blog-Interclub-Vall-DAro-2023-01-300x200.jpg 300w, https:\/\/www.daroboxingclub.com\/wp-content\/uploads\/2023\/06\/DAro-Boxing-Club-Blog-Interclub-Vall-DAro-2023-01-768x512.jpg 768w, https:\/\/www.daroboxingclub.com\/wp-content\/uploads\/2023\/06\/DAro-Boxing-Club-Blog-Interclub-Vall-DAro-2023-01-800x533.jpg 800w\" sizes=\"(max-width: 900px) 100vw, 900px\" \/>\t\t\t\t\t\t<\/div>\n\t\t\t\t\t\t\t\t\t\t\t\t\t<div class=\"premium-blog-thumbnail-overlay\">\n\t\t\t\t\t\t\t\t<a class=\"elementor-icon\" href=\"https:\/\/www.daroboxingclub.com\/es\/interclub-vall-daro-2023\/\" target=\"_self\"><\/a>\n\t\t\t\t\t\t\t<\/div>\n\n\t\t\t\t\t\t\t\t\t\t\t\t\t\t\t\t\t\t<\/div>\n\t\t\t\t\t\t\t\t\t\t\t\t<div class=\"premium-blog-content-wrapper\">\n\n\t\t\t\t\t<div class=\"premium-blog-inner-container\">\n\n\t\t\t\t\t\t\t\t\t\t\t\t\t\t<h2 class=\"premium-blog-entry-title\">\n\t\t\t<a href=\"https:\/\/www.daroboxingclub.com\/es\/interclub-vall-daro-2023\/\" target=\"_self\">\n\t\t\t\tInterclub Vall d\u2019Aro 2023\t\t\t<\/a>\n\t\t<\/h2>\n\t\t\t\t<div class=\"premium-blog-entry-meta\">\n\t\t\t\n\t\t\t\t\t\t\t<span class=\"premium-blog-meta-separator\">\u2022<\/span>\n\t\t\t\t<div class=\"premium-blog-post-time premium-blog-meta-data\">\n\t\t\t\t\t<i class=\"fa fa-calendar-alt\" aria-hidden=\"true\"><\/i>\n\t\t\t\t\t<span>17\/06\/2023<\/span>\n\t\t\t\t<\/div>\n\t\t\t\n\t\t\t\n\t\t\t\t\t<\/div>\n\t\t\n\t\t\t\t\t<\/div>\n\n\t\t\t\t\t\t\t<div class=\"premium-blog-content-inner-wrapper\">\n\t\t<p class=\"premium-blog-post-content\">El pasado 3 de junio tuvo lugar la 6\u00aa edici\u00f3n del Interclub Vall d'Aro, en la sala polivalente de Castell d'Aro. Unas 400 personas gozaron de un aut\u00e9ntico espect\u00e1culo de Boxing, Kick Boxing, Muay Thai<\/p><div class=\"premium-blog-excerpt-link-wrap\"><a href=\"https:\/\/www.daroboxingclub.com\/es\/interclub-vall-daro-2023\/\" target=\"_self\" class=\"premium-blog-excerpt-link elementor-button\">Leer m\u00e1s \u00bb<\/a><\/div>\t\t<\/div>\n\t\t\t\t\t\t\t\n\t\t\t\t<\/div>\n\t\t\t<\/div>\n\t\t<\/div>\n\n\t\t\t\t\t\t\t<\/div>\n\n\t\t\t\t\t<div class=\"premium-blog-footer\">\n\t\t\t\t\t\t\t<nav class=\"premium-blog-pagination-container\" role=\"navigation\" aria-label=\"Paginaci\u00f3n\">\n\t\t\t\t<span aria-current=\"page\" class=\"page-numbers current\">1<\/span>\n<a class=\"page-numbers\" href=\"https:\/\/www.daroboxingclub.com\/es\/wp-json\/wp\/v2\/pages\/2246\/page\/2\/\">2<\/a>\t\t\t<\/nav>\n\t\t\t\t\t\t<\/div>\n\t\t\n\t\t\n\t\t\t\t\t\t<\/div>\n\t\t\t\t\t<\/div>\n\t\t<\/div>\n\t\t\t\t\t<\/div>\n\t\t<\/section>\n\t\t\t\t<\/div>","protected":false},"excerpt":{"rendered":"<p>El Casal contra el bullying de D\u2019Aro Boxing Club \u2022 12\/07\/2025 Un verano para crecer fuertes por dentro y por fuera: el casal contra el bullying de D\u2019Aro Boxing Club Este verano hemos repetido una nueva edici\u00f3n del casal de verano contra el bullying. Una iniciativa \u00fanica Llegir m\u00e9s \u00bb Primer Interclub en Tipi Park<br \/><a class=\"moretag\" href=\"https:\/\/www.daroboxingclub.com\/es\/interclub-vall-daro-2023\/\">+ Read More<\/a><\/p>","protected":false},"author":1,"featured_media":1266,"parent":0,"menu_order":0,"comment_status":"closed","ping_status":"closed","template":"templates\/page-fullwidth_template.php","meta":{"footnotes":""},"class_list":["post-2246","page","type-page","status-publish","has-post-thumbnail","hentry"],"_links":{"self":[{"href":"https:\/\/www.daroboxingclub.com\/es\/wp-json\/wp\/v2\/pages\/2246","targetHints":{"allow":["GET"]}}],"collection":[{"href":"https:\/\/www.daroboxingclub.com\/es\/wp-json\/wp\/v2\/pages"}],"about":[{"href":"https:\/\/www.daroboxingclub.com\/es\/wp-json\/wp\/v2\/types\/page"}],"author":[{"embeddable":true,"href":"https:\/\/www.daroboxingclub.com\/es\/wp-json\/wp\/v2\/users\/1"}],"replies":[{"embeddable":true,"href":"https:\/\/www.daroboxingclub.com\/es\/wp-json\/wp\/v2\/comments?post=2246"}],"version-history":[{"count":3,"href":"https:\/\/www.daroboxingclub.com\/es\/wp-json\/wp\/v2\/pages\/2246\/revisions"}],"predecessor-version":[{"id":4599,"href":"https:\/\/www.daroboxingclub.com\/es\/wp-json\/wp\/v2\/pages\/2246\/revisions\/4599"}],"wp:featuredmedia":[{"embeddable":true,"href":"https:\/\/www.daroboxingclub.com\/es\/wp-json\/wp\/v2\/media\/1266"}],"wp:attachment":[{"href":"https:\/\/www.daroboxingclub.com\/es\/wp-json\/wp\/v2\/media?parent=2246"}],"curies":[{"name":"wp","href":"https:\/\/api.w.org\/{rel}","templated":true}]}}