{"id":2772,"date":"2023-01-14T12:42:33","date_gmt":"2023-01-14T11:42:33","guid":{"rendered":"https:\/\/www.daroboxingclub.com\/?page_id=2772"},"modified":"2026-03-11T14:16:11","modified_gmt":"2026-03-11T13:16:11","slug":"termes-i-condicions","status":"publish","type":"page","link":"https:\/\/www.daroboxingclub.com\/es\/termes-i-condicions\/","title":{"rendered":"T\u00e9rminos y condiciones"},"content":{"rendered":"<h2 style=\"text-align: center;\">Informaci\u00f3 legal i acceptaci\u00f3 de les condicions d&#8217;\u00fas<\/h2>\n<h3>1. Identificaci\u00f3 del prestador del servei<\/h3>\n<p style=\"text-align: justify;\"><strong>Club de Boxa Vall d\u2019Aro<\/strong>\u00a0 \u00e9s el representant del lloc web <strong>www.daroboxingclub.com<\/strong>, d&#8217;ara endavant <strong>D\u2019Aro Boxing Club<\/strong>, amb domicili a Carrer Ginesta, 5, 17250 Platja d\u2019Aro &#8211; Girona amb Codi d&#8217;Identificaci\u00f3 Fiscal n\u00famero <strong>G55193163<\/strong><\/p>\n<h3>2. Notificacions<\/h3>\n<p>Totes les comunicacions per part de l&#8217;Usuari a <strong>D\u2019Aro Boxing Club<\/strong>, es podran realitzar a trav\u00e9s de les seg\u00fcents formes:<\/p>\n<ul>\n<li>Enviament per correu postal a la seg\u00fcent adre\u00e7a: <strong>Carrer Ginesta, 5, 17250 Platja d\u2019Aro &#8211; Girona<\/strong><\/li>\n<li>Comunicaci\u00f3 per mitj\u00e0 d&#8217;una trucada al n\u00famero de tel\u00e8fon: <strong>(+34) 653403720<\/strong><\/li>\n<li>Enviament per correu electr\u00f2nic a la seg\u00fcent adre\u00e7a:\u00a0 <a href=\"mailto:daroboxingclub@gmail.com\"><strong>daroboxingclub@gmail.com<\/strong><\/a><\/li>\n<\/ul>\n<h3>3. Descripci\u00f3 del servei<\/h3>\n<p style=\"text-align: justify;\"><strong>D\u2019Aro Boxing Club<\/strong>, ofereix venda de productes i entrades. <strong>D\u2019Aro Boxing Club<\/strong>, podr\u00e0 alterar en qualsevol moment i sense av\u00eds previ, el disseny, presentaci\u00f3 i\/o configuraci\u00f3 del Lloc web, aix\u00ed com alguns o tots els productes i\/o serveis.<\/p>\n<h4>4. Acceptaci\u00f3 de les condicions d&#8217;\u00fas<\/h4>\n<p style=\"text-align: justify;\">L&#8217;acc\u00e9s i la utilitzaci\u00f3 del servei de <strong>D\u2019Aro Boxing Club<\/strong>, impliquen per part de l&#8217;Usuari l&#8217;acceptaci\u00f3 plena i sense reserves de totes les condicions recollides a les presents Condicions d&#8217;\u00das.<\/p>\n<h3>5. Registre d&#8217;usuaris<\/h3>\n<p style=\"text-align: justify;\">Els serveis prestats per <strong>D\u2019Aro Boxing Club<\/strong>, estan disponibles per a usuaris majors de 18 anys que puguin complir contractes legals sota la llei corresponent. Vost\u00e8 garanteix que almenys t\u00e9 18 anys i que tota la informaci\u00f3 que ha registrat en el\u00a0site\u00a0s&#8217;ajusta a la realitat i \u00e9s veritable. <strong>D\u2019Aro Boxing Club<\/strong> pot, sota el seu criteri, denegar l&#8217;acc\u00e9s o \u00fas al\u00a0site\u00a0de qualsevol persona o entitat. Les persones menors de 18 anys hauran d&#8217;utilitzar la web de <strong>D\u2019Aro Boxing Club<\/strong>, sota la supervisi\u00f3 dels seus pares o d&#8217;un tutor legal i en aquests casos, l&#8217;adult ser\u00e0 l&#8217;usuari final responsable de qualsevol activitat.<\/p>\n<p style=\"text-align: justify;\"><strong>D\u2019Aro Boxing Club<\/strong>, requereix l&#8217;elecci\u00f3 per part de l&#8217;usuari d&#8217;un nom d&#8217;usuari i una contrasenya. L&#8217;usuari haur\u00e0 de mantenir sota la seva exclusiva responsabilitat la contrasenya, en la m\u00e9s estricta i absoluta confidencialitat, assumint per tant, quants danys i\/o perjudicis de tota mena es derivin del trencament o revelaci\u00f3 d&#8217;aquesta, aix\u00ed com del mal \u00fas que, a conseq\u00fc\u00e8ncia de la infracci\u00f3 del seu deure de cust\u00f2dia, pogu\u00e9s fer un tercer.<\/p>\n<p style=\"text-align: justify;\">De conformitat amb el que es preveu en la Llei org\u00e0nica 15\/1999, el 13 de desembre, de Protecci\u00f3 de Dades de Car\u00e0cter Personal (LOPD), <strong>D\u2019Aro Boxing Club<\/strong>, informa de l&#8217;exist\u00e8ncia d&#8217;un fitxer de la seva titularitat (inscrit en l&#8217;Ag\u00e8ncia Espanyola de Protecci\u00f3 de Dades) en el qual s&#8217;inclouran les dades necess\u00e0ries per a mantenir informats als usuaris que aix\u00ed ho requereixin o proporcionar els serveis que els usuaris sol\u00b7licitin. El titular podr\u00e0 exercir els drets reconeguts en la LOPD sobre aquest fitxer i, en particular, l&#8217;acc\u00e9s, rectificaci\u00f3 o cancel\u00b7laci\u00f3 de dades i oposici\u00f3, si result\u00e9s pertinent, aix\u00ed com la revocaci\u00f3 del consentiment per a la cessi\u00f3 de les seves dades en els termes previstos en la LOPD. Els usuaris poden realitzar aquestes accions ells mateixos accedint al seu comptes d&#8217;usuari, o b\u00e9 sol\u00b7licitant-ho per escrit a <a href=\"mailto:daroboxingclub@gmail.com\"><strong>daroboxingclub@gmail.com<\/strong><\/a><\/p>\n<h3>6. Informaci\u00f3 del seu compte<\/h3>\n<p>L&#8217;usuari haur\u00e0 de mantenir la informaci\u00f3 del seu compte actualitzat en tot moment, incloent-hi una adre\u00e7a de correu electr\u00f2nic v\u00e0lida.<\/p>\n<p>L&#8217;usuari no ha de transferir o vendre els seus detalls de compte a <strong>D\u2019Aro Boxing Club<\/strong>, ni la seva identificaci\u00f3 d&#8217;usuari a terceres parts. Si s&#8217;est\u00e0 registrant com una entitat de negoci, haur\u00e0 de garantir que t\u00e9 l&#8217;autoritat per a obligar l&#8217;entitat a acceptar aquestes Condicions d&#8217;\u00das.<\/p>\n<h3>7. Dret a denegar el servei<\/h3>\n<p style=\"text-align: justify;\"><strong>D\u2019Aro Boxing Club<\/strong> es reserva el dret a cancel\u00b7lar comptes inactius o sense confirmar, a m\u00e9s de denegar el servei a un usuari, per qualsevol ra\u00f3 i en qualsevol moment.<\/p>\n<h3>8. Condicions d&#8217;acc\u00e9s i utilitzaci\u00f3 del portal<\/h3>\n<p style=\"text-align: justify;\">L&#8217;usuari es compromet a utilitzar els serveis i continguts de la p\u00e0gina conforme al que s&#8217;estableix en la llei i en les presents condicions generals d&#8217;\u00fas. Aix\u00ed mateix, es compromet a fer un \u00fas adequat dels serveis i\/o continguts de la p\u00e0gina i a no emprar-los per a realitzar activitats il\u00b7l\u00edcites o constitutives de delicte i\/o que infringeixin la regulaci\u00f3 sobre propietat intel\u00b7lectual i industrial, o qualssevol altres formes d&#8217;ordenament jur\u00eddic aplicable.<\/p>\n<h3>9. Normes de participaci\u00f3<\/h3>\n<p><strong>D\u2019Aro Boxing Club<\/strong> es reserva el dret de suspendre o cancel\u00b7lar, totalment o parcialment, amb o sense previ av\u00eds, qualsevol contingut o compte d&#8217;usuari que infringeixi les presents condicions d&#8217;\u00fas del Servei. A t\u00edtol enunciatiu, i en cap cas limitatiu o excloent, el\/la usuari\/a se compromet a no realitzar cap de les seg\u00fcents activitats:<\/p>\n<ol type=\"a\">\n<li style=\"text-align: justify;\">Ofendre, insultar, desacreditar o assetjar a altres persones en qualsevol espai com\u00fa de <strong>D\u2019Aro Boxing Club<\/strong>. D&#8217;igual forma l&#8217;usuari s&#8217;obliga a no utilitzar les eines de contacte d&#8217;altres usuaris per a realitzar aquest tipus d&#8217;activitats.<\/li>\n<li style=\"text-align: justify;\">Introduir o difondre continguts o propaganda de car\u00e0cter racista, hom\u00f2fob, xen\u00f2fob, ped\u00f2fil, excessivament violent, d&#8217;apologia del terrorisme o que atemptin contra els drets humans.<\/li>\n<li style=\"text-align: justify;\">Publicar imatges d&#8217;altres persones sense el seu consentiment.<\/li>\n<li style=\"text-align: justify;\">Difamar o calumniar a empreses, col\u00b7lectius, ONGs, o qualsevol altre grup d&#8217;individus.<\/li>\n<li style=\"text-align: justify;\">Plagiar, copiar o utilitzar continguts d&#8217;altres persones o mitjans sense el seu consentiment.<\/li>\n<li style=\"text-align: justify;\">Suplantar a altres persones, col\u00b7lectius o entitats jur\u00eddiques.<\/li>\n<li style=\"text-align: justify;\">Realitzar activitats d&#8217;explotaci\u00f3 comercial, com la promoci\u00f3 de productes i serveis, sense l&#8217;autoritzaci\u00f3 de <strong>D\u2019Aro Boxing Club<\/strong>; generar spam, transmetre missatges comercials no sol\u00b7licitats, emprar el Servei com a eina de reexpedici\u00f3 cap a una altra Web o promocionar el seu lloc publicant missatges m\u00faltiples i id\u00e8ntics en diferents espais.<\/li>\n<li style=\"text-align: justify;\">Duplicar continguts. Aix\u00f2 \u00e9s, copiar i publicar amb o sense autoritzaci\u00f3 de l&#8217;autor, i de manera sistem\u00e0tica, continguts publicats en altres Webs.<\/li>\n<li style=\"text-align: justify;\">Afegir algun programari que entorpeixi el normal funcionament del sistema o qualsevol codi, fitxer o programa que ofereixi publicitat a trav\u00e9s de finestres emergents (Popups). D&#8217;igual forma l&#8217;usuari es compromet a no publicar continguts que infringeixin les condicions d&#8217;\u00fas dels serveis de publicitat utilitzats a <strong>D\u2019Aro Boxing Club.<\/strong><\/li>\n<li style=\"text-align: justify;\">No es poden utilitzar indegudament les funcionalitats de <strong>D\u2019Aro Boxing Club<\/strong> per a auto promocionar-se o millorar el posicionament qualsevol lloc web en els resultats dels motors de cerca.<\/li>\n<\/ol>\n<h3>10. Publicitat i comunicacions<\/h3>\n<p>En registrar-se, l&#8217;usuari accepta que <strong>D\u2019Aro Boxing Club<\/strong> podr\u00e0 enviar al seu correu electr\u00f2nic butlletins informatius que incloguin publicitat.<\/p>\n<h3>11. Exempcions de responsabilitat<\/h3>\n<p style=\"text-align: justify;\"><strong>D\u2019Aro Boxing Club<\/strong> no es responsabilitza pel mal \u00fas que es pugui fer d&#8217;aquesta p\u00e0gina web. <strong>D\u2019Aro Boxing Club<\/strong> no pot garantir l&#8217;abs\u00e8ncia de virus o altres elements que poguessin causar danys en els sistemes inform\u00e0tics, documents electr\u00f2nics o en els fitxers d&#8217;usuaris d&#8217;aquesta p\u00e0gina o de tercers, per la qual cosa no es responsabilitza dels perjudicis que es puguin produir per aquestes causes.<\/p>\n<h3>12. Pol\u00edtica de privacitat<\/h3>\n<p style=\"text-align: justify;\">Les dades de car\u00e0cter personal i una altra informaci\u00f3 relativa a la identitat de l&#8217;usuari estan subjectes a la <strong><a href=\"https:\/\/www.daroboxingclub.com\/es\/politica-privacitat\/\" target=\"_blank\" rel=\"noopener\">pol\u00edtica de privacitat de<\/a> D\u2019Aro Boxing Club<\/strong>.<\/p>\n<h3>13. Propietat intel\u00b7lectual i industrial. Prohibici\u00f3 d&#8217;enlla\u00e7os<\/h3>\n<p style=\"text-align: justify;\">Tots els continguts que es mostren en la web <strong>www.daroboxingclub.com<\/strong> i especialment, dissenys, textos, gr\u00e0fics, logos, icones, botons, programari, noms comercials, marques, dibuixos industrials o qualssevol altres signes susceptibles d&#8217;utilitzaci\u00f3 industrial i comercial estan subjectes a drets de propietat intel\u00b7lectual i industrial de <strong>D\u2019Aro Boxing Club<\/strong>, o de tercers titulars dels mateixos que han autoritzat degudament la seva inclusi\u00f3 en el Portal.<\/p>\n<p style=\"text-align: justify;\">En cap cas s&#8217;entendr\u00e0 que es concedeix cap llic\u00e8ncia o s&#8217;efectua ren\u00fancia, transmissi\u00f3, cessi\u00f3 total o parcial d&#8217;aquests drets ni es confereix cap dret ni expectativa de dret, i especialment, d&#8217;alteraci\u00f3, explotaci\u00f3, reproducci\u00f3, distribuci\u00f3 o comunicaci\u00f3 p\u00fablica sobre aquests continguts sense la pr\u00e8via autoritzaci\u00f3 expressa de <strong>D\u2019Aro Boxing Club<\/strong> o dels titulars corresponents.<\/p>\n<p style=\"text-align: justify;\">No es podr\u00e0 establir cap vincle a la web <strong>www.daroboxingclub.com<\/strong> des de qualsevol altra web sense el previ i expr\u00e9s consentiment de <strong>D\u2019Aro Boxing Club.<\/strong><\/p>","protected":false},"excerpt":{"rendered":"<p>Informaci\u00f3 legal i acceptaci\u00f3 de les condicions d&#8217;\u00fas 1. Identificaci\u00f3 del prestador del servei Club de Boxa Vall d\u2019Aro\u00a0 \u00e9s el representant del lloc web www.daroboxingclub.com, d&#8217;ara endavant D\u2019Aro Boxing Club, amb domicili a Carrer Ginesta, 5, 17250 Platja d\u2019Aro &#8211; Girona amb Codi d&#8217;Identificaci\u00f3 Fiscal n\u00famero G55193163 2. Notificacions Totes les comunicacions per part<br \/><a class=\"moretag\" href=\"https:\/\/www.daroboxingclub.com\/es\/termes-i-condicions\/\">+ Read More<\/a><\/p>","protected":false},"author":1,"featured_media":1266,"parent":0,"menu_order":0,"comment_status":"closed","ping_status":"closed","template":"templates\/page-fullwidth_template.php","meta":{"footnotes":""},"class_list":["post-2772","page","type-page","status-publish","has-post-thumbnail","hentry"],"_links":{"self":[{"href":"https:\/\/www.daroboxingclub.com\/es\/wp-json\/wp\/v2\/pages\/2772","targetHints":{"allow":["GET"]}}],"collection":[{"href":"https:\/\/www.daroboxingclub.com\/es\/wp-json\/wp\/v2\/pages"}],"about":[{"href":"https:\/\/www.daroboxingclub.com\/es\/wp-json\/wp\/v2\/types\/page"}],"author":[{"embeddable":true,"href":"https:\/\/www.daroboxingclub.com\/es\/wp-json\/wp\/v2\/users\/1"}],"replies":[{"embeddable":true,"href":"https:\/\/www.daroboxingclub.com\/es\/wp-json\/wp\/v2\/comments?post=2772"}],"version-history":[{"count":3,"href":"https:\/\/www.daroboxingclub.com\/es\/wp-json\/wp\/v2\/pages\/2772\/revisions"}],"predecessor-version":[{"id":4619,"href":"https:\/\/www.daroboxingclub.com\/es\/wp-json\/wp\/v2\/pages\/2772\/revisions\/4619"}],"wp:featuredmedia":[{"embeddable":true,"href":"https:\/\/www.daroboxingclub.com\/es\/wp-json\/wp\/v2\/media\/1266"}],"wp:attachment":[{"href":"https:\/\/www.daroboxingclub.com\/es\/wp-json\/wp\/v2\/media?parent=2772"}],"curies":[{"name":"wp","href":"https:\/\/api.w.org\/{rel}","templated":true}]}}