{"id":4268,"date":"2024-05-04T14:35:06","date_gmt":"2024-05-04T12:35:06","guid":{"rendered":"https:\/\/www.daroboxingclub.com\/?page_id=4268"},"modified":"2026-03-11T10:56:56","modified_gmt":"2026-03-11T09:56:56","slug":"izan-gonzalez","status":"publish","type":"page","link":"https:\/\/www.daroboxingclub.com\/es\/qui-som\/izan-gonzalez\/","title":{"rendered":"Izan Gonz\u00e1lez"},"content":{"rendered":"<div data-elementor-type=\"wp-page\" data-elementor-id=\"4268\" class=\"elementor elementor-4268\" data-elementor-post-type=\"page\">\n\t\t\t\t\t\t<section class=\"elementor-section elementor-top-section elementor-element elementor-element-d429f32 elementor-section-boxed elementor-section-height-default elementor-section-height-default\" data-id=\"d429f32\" data-element_type=\"section\" data-e-type=\"section\" data-settings=\"{&quot;background_background&quot;:&quot;classic&quot;}\">\n\t\t\t\t\t\t<div class=\"elementor-container elementor-column-gap-no\">\n\t\t\t\t\t<div class=\"elementor-column elementor-col-100 elementor-top-column elementor-element elementor-element-9b606b0\" data-id=\"9b606b0\" data-element_type=\"column\" data-e-type=\"column\">\n\t\t\t<div class=\"elementor-widget-wrap elementor-element-populated\">\n\t\t\t\t\t\t<div class=\"elementor-element elementor-element-36298b4 elementor-widget elementor-widget-heading\" data-id=\"36298b4\" data-element_type=\"widget\" data-e-type=\"widget\" data-widget_type=\"heading.default\">\n\t\t\t\t\t<h2 class=\"elementor-heading-title elementor-size-default\">Izan Gonz\u00e1lez<\/h2>\t\t\t\t<\/div>\n\t\t\t\t<section class=\"elementor-section elementor-inner-section elementor-element elementor-element-189e016 elementor-section-boxed elementor-section-height-default elementor-section-height-default\" data-id=\"189e016\" data-element_type=\"section\" data-e-type=\"section\">\n\t\t\t\t\t\t<div class=\"elementor-container elementor-column-gap-default\">\n\t\t\t\t\t<div class=\"elementor-column elementor-col-50 elementor-inner-column elementor-element elementor-element-7dc5778\" data-id=\"7dc5778\" data-element_type=\"column\" data-e-type=\"column\">\n\t\t\t<div class=\"elementor-widget-wrap elementor-element-populated\">\n\t\t\t\t\t\t<div class=\"elementor-element elementor-element-b4baa8b elementor-position-top elementor-widget elementor-widget-image-box\" data-id=\"b4baa8b\" data-element_type=\"widget\" data-e-type=\"widget\" data-widget_type=\"image-box.default\">\n\t\t\t\t\t<div class=\"elementor-image-box-wrapper\"><figure class=\"elementor-image-box-img\"><img fetchpriority=\"high\" decoding=\"async\" width=\"340\" height=\"440\" src=\"https:\/\/www.daroboxingclub.com\/wp-content\/uploads\/2024\/05\/DAro-Boxing-Club-Qui-Som-Izan-Gonzalez.jpg\" class=\"attachment-full size-full wp-image-4264\" alt=\"D&#039;Aro Boxing Club - Quienes Somos - Izan Gonz\u00e1lez\" srcset=\"https:\/\/www.daroboxingclub.com\/wp-content\/uploads\/2024\/05\/DAro-Boxing-Club-Qui-Som-Izan-Gonzalez.jpg 340w, https:\/\/www.daroboxingclub.com\/wp-content\/uploads\/2024\/05\/DAro-Boxing-Club-Qui-Som-Izan-Gonzalez-232x300.jpg 232w\" sizes=\"(max-width: 340px) 100vw, 340px\" \/><\/figure><div class=\"elementor-image-box-content\"><h3 class=\"elementor-image-box-title\">Izan Gonz\u00e1lez<\/h3><\/div><\/div>\t\t\t\t<\/div>\n\t\t\t\t\t<\/div>\n\t\t<\/div>\n\t\t\t\t<div class=\"elementor-column elementor-col-50 elementor-inner-column elementor-element elementor-element-017eb94\" data-id=\"017eb94\" data-element_type=\"column\" data-e-type=\"column\">\n\t\t\t<div class=\"elementor-widget-wrap elementor-element-populated\">\n\t\t\t\t\t\t<div class=\"elementor-element elementor-element-ecaa727 elementor-widget elementor-widget-heading\" data-id=\"ecaa727\" data-element_type=\"widget\" data-e-type=\"widget\" data-widget_type=\"heading.default\">\n\t\t\t\t\t<h3 class=\"elementor-heading-title elementor-size-default\">M\u00e9ritos deportivos<\/h3>\t\t\t\t<\/div>\n\t\t\t\t<div class=\"elementor-element elementor-element-8deaf23 elementor-widget elementor-widget-text-editor\" data-id=\"8deaf23\" data-element_type=\"widget\" data-e-type=\"widget\" data-widget_type=\"text-editor.default\">\n\t\t\t\t\t\t\t\t\t<p class=\"translation-block\">Empez\u00f3 a practicar boxeo en el <strong>Club d'Aro Boxing<\/strong> a finales de 2022.<\/p><p class=\"translation-block\">Competiciones disputadas: <strong>3 interclubs.<\/strong><\/p><p>En 2024 dio el salto a las veladas de boxeo a nivel nacional.<\/p><p>Su estilo es t\u00e9cnicamente muy visible con un gran sentido de la distancia.<\/p>\t\t\t\t\t\t\t\t<\/div>\n\t\t\t\t\t<\/div>\n\t\t<\/div>\n\t\t\t\t\t<\/div>\n\t\t<\/section>\n\t\t\t\t\t<\/div>\n\t\t<\/div>\n\t\t\t\t\t<\/div>\n\t\t<\/section>\n\t\t\t\t<\/div>","protected":false},"excerpt":{"rendered":"<p>Izan Gonz\u00e1lez Izan Gonz\u00e1lez M\u00e8rits esportius Va comen\u00e7ar a practicar boxa al Club d\u2019Aro Boxing a finals de 2022. Competicions disputades: 3 interclubs en boxa. El 2024 va fer el salt a les vetllades de boxa a nivell nacional. El seu es estil es t\u00e8cnicament molt visible amb un gran sentit de la dist\u00e0ncia.<\/p>","protected":false},"author":1,"featured_media":1568,"parent":689,"menu_order":0,"comment_status":"closed","ping_status":"closed","template":"templates\/page-fullwidth_template.php","meta":{"footnotes":""},"class_list":["post-4268","page","type-page","status-publish","has-post-thumbnail","hentry"],"_links":{"self":[{"href":"https:\/\/www.daroboxingclub.com\/es\/wp-json\/wp\/v2\/pages\/4268","targetHints":{"allow":["GET"]}}],"collection":[{"href":"https:\/\/www.daroboxingclub.com\/es\/wp-json\/wp\/v2\/pages"}],"about":[{"href":"https:\/\/www.daroboxingclub.com\/es\/wp-json\/wp\/v2\/types\/page"}],"author":[{"embeddable":true,"href":"https:\/\/www.daroboxingclub.com\/es\/wp-json\/wp\/v2\/users\/1"}],"replies":[{"embeddable":true,"href":"https:\/\/www.daroboxingclub.com\/es\/wp-json\/wp\/v2\/comments?post=4268"}],"version-history":[{"count":6,"href":"https:\/\/www.daroboxingclub.com\/es\/wp-json\/wp\/v2\/pages\/4268\/revisions"}],"predecessor-version":[{"id":4474,"href":"https:\/\/www.daroboxingclub.com\/es\/wp-json\/wp\/v2\/pages\/4268\/revisions\/4474"}],"up":[{"embeddable":true,"href":"https:\/\/www.daroboxingclub.com\/es\/wp-json\/wp\/v2\/pages\/689"}],"wp:featuredmedia":[{"embeddable":true,"href":"https:\/\/www.daroboxingclub.com\/es\/wp-json\/wp\/v2\/media\/1568"}],"wp:attachment":[{"href":"https:\/\/www.daroboxingclub.com\/es\/wp-json\/wp\/v2\/media?parent=4268"}],"curies":[{"name":"wp","href":"https:\/\/api.w.org\/{rel}","templated":true}]}}