{"id":583,"date":"2022-06-07T21:26:07","date_gmt":"2022-06-07T19:26:07","guid":{"rendered":"https:\/\/www.daroboxingclub.com\/?page_id=583"},"modified":"2026-03-11T14:14:40","modified_gmt":"2026-03-11T13:14:40","slug":"avis-legal","status":"publish","type":"page","link":"https:\/\/www.daroboxingclub.com\/es\/avis-legal\/","title":{"rendered":"Aviso legal"},"content":{"rendered":"<h4>Informaci\u00f3 de Conformitat amb l&#8217;article 10 de la LSSI<\/h4>\n<h3>El titular d&#8217;aquesta web \u00e9s:<\/h3>\n<p>Identitat: <strong>Club de Boxa Vall d\u2019Aro<\/strong>.<br \/>\nCIF: <strong>G55193163<\/strong><br \/>\nAdre\u00e7a: <strong>Carrer Ginesta, 5 | 17250 Platja d&#8217;Aro. Girona.<br \/>\n<\/strong>Tel\u00e8fon: <strong>653 40 37 20<br \/>\n<\/strong>Correo electr\u00f3nico<strong>:<\/strong> <a href=\"mailto:daroboxingclub@gmail.com\"><strong>daroboxingclub@gmail.com<\/strong><\/a><\/p>\n<h3>Condicions d&#8217;\u00fas<\/h3>\n<p style=\"text-align: justify;\">L&#8217;\u00fas d&#8217;aquest web implica l&#8217;acceptaci\u00f3 plena dels termes i condicions del present av\u00eds legal. Els possibles conflictes relatius a aquest web es regiran exclusivament pel dret de l&#8217;Estat espanyol. Tota persona usu\u00e0ria del web, independentment de la jurisdicci\u00f3 territorial des de la qual es produeixi el seu acc\u00e9s, accepta el compliment i respecte d&#8217;aquestes cl\u00e0usules amb ren\u00fancia expressa a qualsevol altre fur que li pogu\u00e9s correspondre.<\/p>\n<h3>Propietat intel\u00b7lectual i industrial<\/h3>\n<p style=\"text-align: justify;\">La totalitat del contingut d&#8217;aquest lloc web, ja siguin textos, imatges, sons, marques, logotips o altres elements, aix\u00ed com subestructura, disseny, combinacions de colors o forma de presentaci\u00f3 dels materials, estan protegits per drets de propietat industrial i intel\u00b7lectual que l&#8217;usuari d&#8217;aquest lloc web ha de respectar. No \u00e9s l\u00edcita la seva transformaci\u00f3 o alteraci\u00f3, comunicaci\u00f3 p\u00fablica o qualsevol altra forma d&#8217;explotaci\u00f3 per qualsevol procediment sense l&#8217;autoritzaci\u00f3 expressa de <strong>Club de Boxa Vall d\u2019Aro<\/strong>.<\/p>\n<h3>Responsabilitat sobre els continguts<\/h3>\n<p style=\"text-align: justify;\">Encara que\u00a0<strong>Club de Boxa Vall d\u2019Aro<\/strong> actua amb la m\u00e0xima dilig\u00e8ncia possible, es pot donar el cas que alguna dada o informaci\u00f3 no estigui del tot actualitzada en el moment que l&#8217;usuari del lloc web el consulti. Per aix\u00f2, les informacions que es presenten en aquesta web tenen una funci\u00f3 orientativa i no obliguen a <strong>Club de Boxa Vall d\u2019Aro<\/strong>.<\/p>\n<p style=\"text-align: justify;\"><strong>Club de Boxa Vall d\u2019Aro<\/strong>\u00a0no ser\u00e0 responsable de la informaci\u00f3 que es pugui obtenir a trav\u00e9s d&#8217;enlla\u00e7os inclosos en la seva web.<\/p>\n<p style=\"text-align: justify;\"><strong>Club de Boxa Vall d\u2019Aro<\/strong>\u00a0es reserva la facultat de realitzar, en qualsevol moment i sense necessitat de preav\u00eds, modificacions o actualitzacions de la informaci\u00f3 i de qualsevol dels elements que integrin el disseny i configuraci\u00f3 de la p\u00e0gina web.<\/p>\n<h3>Llei aplicable i jurisdicci\u00f3<\/h3>\n<p style=\"text-align: justify;\">L&#8217;\u00fas d&#8217;aquest lloc web implica l&#8217;acceptaci\u00f3 plena dels termes i condicions en el present av\u00eds legal. Els possibles conflictes relatius a aquest web es regiran exclusivament per la legislaci\u00f3 espanyola, sent competents els Jutjats i Tribunals espanyols per a con\u00e8ixer qualsevol q\u00fcesti\u00f3 que es susciti sobre ella. L&#8217;usuari, en virtut de la seva acceptaci\u00f3 ren\u00fancia expressament a qualsevol fur que per aplicaci\u00f3 de la Llei d&#8217;Enjudiciament Civil vigent li pogu\u00e9s correspondre.<\/p>","protected":false},"excerpt":{"rendered":"<p>Informaci\u00f3 de Conformitat amb l&#8217;article 10 de la LSSI El titular d&#8217;aquesta web \u00e9s: Identitat: Club de Boxa Vall d\u2019Aro. CIF: G55193163 Adre\u00e7a: Carrer Ginesta, 5 | 17250 Platja d&#8217;Aro. Girona. Tel\u00e8fon: 653 40 37 20 Correu electr\u00f2nic: daroboxingclub@gmail.com Condicions d&#8217;\u00fas L&#8217;\u00fas d&#8217;aquest web implica l&#8217;acceptaci\u00f3 plena dels termes i condicions del present av\u00eds legal.<br \/><a class=\"moretag\" href=\"https:\/\/www.daroboxingclub.com\/es\/avis-legal\/\">+ Read More<\/a><\/p>","protected":false},"author":1,"featured_media":803,"parent":0,"menu_order":0,"comment_status":"closed","ping_status":"closed","template":"templates\/page-fullwidth_template.php","meta":{"footnotes":""},"class_list":["post-583","page","type-page","status-publish","has-post-thumbnail","hentry"],"_links":{"self":[{"href":"https:\/\/www.daroboxingclub.com\/es\/wp-json\/wp\/v2\/pages\/583","targetHints":{"allow":["GET"]}}],"collection":[{"href":"https:\/\/www.daroboxingclub.com\/es\/wp-json\/wp\/v2\/pages"}],"about":[{"href":"https:\/\/www.daroboxingclub.com\/es\/wp-json\/wp\/v2\/types\/page"}],"author":[{"embeddable":true,"href":"https:\/\/www.daroboxingclub.com\/es\/wp-json\/wp\/v2\/users\/1"}],"replies":[{"embeddable":true,"href":"https:\/\/www.daroboxingclub.com\/es\/wp-json\/wp\/v2\/comments?post=583"}],"version-history":[{"count":3,"href":"https:\/\/www.daroboxingclub.com\/es\/wp-json\/wp\/v2\/pages\/583\/revisions"}],"predecessor-version":[{"id":4613,"href":"https:\/\/www.daroboxingclub.com\/es\/wp-json\/wp\/v2\/pages\/583\/revisions\/4613"}],"wp:featuredmedia":[{"embeddable":true,"href":"https:\/\/www.daroboxingclub.com\/es\/wp-json\/wp\/v2\/media\/803"}],"wp:attachment":[{"href":"https:\/\/www.daroboxingclub.com\/es\/wp-json\/wp\/v2\/media?parent=583"}],"curies":[{"name":"wp","href":"https:\/\/api.w.org\/{rel}","templated":true}]}}