{"id":689,"date":"2022-08-10T17:20:38","date_gmt":"2022-08-10T15:20:38","guid":{"rendered":"https:\/\/www.daroboxingclub.com\/?page_id=689"},"modified":"2026-03-11T13:59:11","modified_gmt":"2026-03-11T12:59:11","slug":"qui-som","status":"publish","type":"page","link":"https:\/\/www.daroboxingclub.com\/es\/qui-som\/","title":{"rendered":"Qui\u00e9nes somos"},"content":{"rendered":"<div data-elementor-type=\"wp-page\" data-elementor-id=\"689\" class=\"elementor elementor-689\" data-elementor-post-type=\"page\">\n\t\t\t\t\t\t<section class=\"elementor-section elementor-top-section elementor-element elementor-element-2c95dcf elementor-section-boxed elementor-section-height-default elementor-section-height-default\" data-id=\"2c95dcf\" data-element_type=\"section\" data-e-type=\"section\" data-settings=\"{&quot;background_background&quot;:&quot;classic&quot;}\">\n\t\t\t\t\t\t<div class=\"elementor-container elementor-column-gap-no\">\n\t\t\t\t\t<div class=\"elementor-column elementor-col-100 elementor-top-column elementor-element elementor-element-31ce842\" data-id=\"31ce842\" data-element_type=\"column\" data-e-type=\"column\">\n\t\t\t<div class=\"elementor-widget-wrap elementor-element-populated\">\n\t\t\t\t\t\t<div class=\"elementor-element elementor-element-7ab958b elementor-widget elementor-widget-heading\" data-id=\"7ab958b\" data-element_type=\"widget\" data-e-type=\"widget\" data-widget_type=\"heading.default\">\n\t\t\t\t\t<h2 class=\"elementor-heading-title elementor-size-default\">D'Aro Boxing es la uni\u00f3n de la dedicaci\u00f3n, los esfuerzos, la pasi\u00f3n y la ilusi\u00f3n de un gran equipo<\/h2>\t\t\t\t<\/div>\n\t\t\t\t<div class=\"elementor-element elementor-element-f6aa070 elementor-widget elementor-widget-heading\" data-id=\"f6aa070\" data-element_type=\"widget\" data-e-type=\"widget\" data-widget_type=\"heading.default\">\n\t\t\t\t\t<h3 class=\"elementor-heading-title elementor-size-default\">\u00bfNos conocemos?<\/h3>\t\t\t\t<\/div>\n\t\t\t\t\t<\/div>\n\t\t<\/div>\n\t\t\t\t\t<\/div>\n\t\t<\/section>\n\t\t\t\t<section class=\"elementor-section elementor-top-section elementor-element elementor-element-e6677c2 elementor-section-boxed elementor-section-height-default elementor-section-height-default\" data-id=\"e6677c2\" data-element_type=\"section\" data-e-type=\"section\" data-settings=\"{&quot;background_background&quot;:&quot;classic&quot;,&quot;shape_divider_bottom&quot;:&quot;tilt&quot;}\">\n\t\t\t\t\t<div class=\"elementor-shape elementor-shape-bottom\" aria-hidden=\"true\" data-negative=\"false\">\n\t\t\t<svg xmlns=\"http:\/\/www.w3.org\/2000\/svg\" viewbox=\"0 0 1000 100\" preserveaspectratio=\"none\">\n\t<path class=\"elementor-shape-fill\" d=\"M0,6V0h1000v100L0,6z\"\/>\n<\/svg>\t\t<\/div>\n\t\t\t\t\t<div class=\"elementor-container elementor-column-gap-default\">\n\t\t\t\t\t<div class=\"elementor-column elementor-col-100 elementor-top-column elementor-element elementor-element-7472481\" data-id=\"7472481\" data-element_type=\"column\" data-e-type=\"column\">\n\t\t\t<div class=\"elementor-widget-wrap elementor-element-populated\">\n\t\t\t\t\t\t<section class=\"elementor-section elementor-inner-section elementor-element elementor-element-62ca83f elementor-section-full_width elementor-section-height-default elementor-section-height-default\" data-id=\"62ca83f\" data-element_type=\"section\" data-e-type=\"section\">\n\t\t\t\t\t\t<div class=\"elementor-container elementor-column-gap-default\">\n\t\t\t\t\t<div class=\"elementor-column elementor-col-33 elementor-inner-column elementor-element elementor-element-f792113\" data-id=\"f792113\" data-element_type=\"column\" data-e-type=\"column\">\n\t\t\t<div class=\"elementor-widget-wrap elementor-element-populated\">\n\t\t\t\t\t\t<div class=\"elementor-element elementor-element-8cb2871 elementor-position-top elementor-widget elementor-widget-image-box\" data-id=\"8cb2871\" data-element_type=\"widget\" data-e-type=\"widget\" data-widget_type=\"image-box.default\">\n\t\t\t\t\t<div class=\"elementor-image-box-wrapper\"><figure class=\"elementor-image-box-img\"><a href=\"https:\/\/www.daroboxingclub.com\/es\/qui-som\/josep-maria-balmanya-nana\/\" tabindex=\"-1\"><img fetchpriority=\"high\" decoding=\"async\" width=\"340\" height=\"440\" src=\"https:\/\/www.daroboxingclub.com\/wp-content\/uploads\/2022\/11\/DAro-Boxing-Club-Qui-Som-Josep-Maria-Balmanya.jpg\" class=\"elementor-animation-bob attachment-full size-full wp-image-2442\" alt=\"D&#039;Aro Boxing Club - Qui\u00e9nes Somos - Josep Maria Balmanya\" srcset=\"https:\/\/www.daroboxingclub.com\/wp-content\/uploads\/2022\/11\/DAro-Boxing-Club-Qui-Som-Josep-Maria-Balmanya.jpg 340w, https:\/\/www.daroboxingclub.com\/wp-content\/uploads\/2022\/11\/DAro-Boxing-Club-Qui-Som-Josep-Maria-Balmanya-232x300.jpg 232w\" sizes=\"(max-width: 340px) 100vw, 340px\" \/><\/a><\/figure><div class=\"elementor-image-box-content\"><h3 class=\"elementor-image-box-title\"><a href=\"https:\/\/www.daroboxingclub.com\/es\/qui-som\/josep-maria-balmanya-nana\/\">Josep Maria Balmanya \"\u00d1a\u00f1a\"<\/a><\/h3><p class=\"elementor-image-box-description\">Presidente y Entrenador<\/p><\/div><\/div>\t\t\t\t<\/div>\n\t\t\t\t\t<\/div>\n\t\t<\/div>\n\t\t\t\t<div class=\"elementor-column elementor-col-33 elementor-inner-column elementor-element elementor-element-308fd02\" data-id=\"308fd02\" data-element_type=\"column\" data-e-type=\"column\">\n\t\t\t<div class=\"elementor-widget-wrap elementor-element-populated\">\n\t\t\t\t\t\t<div class=\"elementor-element elementor-element-7ce91e9 elementor-position-top elementor-widget elementor-widget-image-box\" data-id=\"7ce91e9\" data-element_type=\"widget\" data-e-type=\"widget\" data-widget_type=\"image-box.default\">\n\t\t\t\t\t<div class=\"elementor-image-box-wrapper\"><figure class=\"elementor-image-box-img\"><a href=\"https:\/\/www.daroboxingclub.com\/es\/qui-som\/albert-burch\/\" tabindex=\"-1\"><img decoding=\"async\" width=\"340\" height=\"440\" src=\"https:\/\/www.daroboxingclub.com\/wp-content\/uploads\/2022\/09\/DAro-Boxing-Club-Qui-Som-Albert-Burch.jpg\" class=\"elementor-animation-bob attachment-full size-full wp-image-1392\" alt=\"D&#039;Aro Boxing Club - Quienes Somos - Albert Burch\" srcset=\"https:\/\/www.daroboxingclub.com\/wp-content\/uploads\/2022\/09\/DAro-Boxing-Club-Qui-Som-Albert-Burch.jpg 340w, https:\/\/www.daroboxingclub.com\/wp-content\/uploads\/2022\/09\/DAro-Boxing-Club-Qui-Som-Albert-Burch-232x300.jpg 232w\" sizes=\"(max-width: 340px) 100vw, 340px\" \/><\/a><\/figure><div class=\"elementor-image-box-content\"><h3 class=\"elementor-image-box-title\"><a href=\"https:\/\/www.daroboxingclub.com\/es\/qui-som\/albert-burch\/\">Albert Burch<\/a><\/h3><p class=\"elementor-image-box-description\">Nutricionista<\/p><\/div><\/div>\t\t\t\t<\/div>\n\t\t\t\t\t<\/div>\n\t\t<\/div>\n\t\t\t\t<div class=\"elementor-column elementor-col-33 elementor-inner-column elementor-element elementor-element-a621b85\" data-id=\"a621b85\" data-element_type=\"column\" data-e-type=\"column\">\n\t\t\t<div class=\"elementor-widget-wrap elementor-element-populated\">\n\t\t\t\t\t\t<div class=\"elementor-element elementor-element-2ce4867 elementor-position-top elementor-widget elementor-widget-image-box\" data-id=\"2ce4867\" data-element_type=\"widget\" data-e-type=\"widget\" data-widget_type=\"image-box.default\">\n\t\t\t\t\t<div class=\"elementor-image-box-wrapper\"><figure class=\"elementor-image-box-img\"><a href=\"https:\/\/www.daroboxingclub.com\/es\/qui-som\/yanni-chen\/\" tabindex=\"-1\"><img decoding=\"async\" width=\"340\" height=\"440\" src=\"https:\/\/www.daroboxingclub.com\/wp-content\/uploads\/2024\/04\/DAro-Boxing-Club-Qui-Som-Yanni-Chen.jpg\" class=\"elementor-animation-bob attachment-full size-full wp-image-4165\" alt=\"D&#039;Aro Boxing Club - Quienes Somos - Yanni Chen\" srcset=\"https:\/\/www.daroboxingclub.com\/wp-content\/uploads\/2024\/04\/DAro-Boxing-Club-Qui-Som-Yanni-Chen.jpg 340w, https:\/\/www.daroboxingclub.com\/wp-content\/uploads\/2024\/04\/DAro-Boxing-Club-Qui-Som-Yanni-Chen-232x300.jpg 232w\" sizes=\"(max-width: 340px) 100vw, 340px\" \/><\/a><\/figure><div class=\"elementor-image-box-content\"><h3 class=\"elementor-image-box-title\"><a href=\"https:\/\/www.daroboxingclub.com\/es\/qui-som\/yanni-chen\/\">Yanni Chen<\/a><\/h3><p class=\"elementor-image-box-description\">Luchadora<\/p><\/div><\/div>\t\t\t\t<\/div>\n\t\t\t\t\t<\/div>\n\t\t<\/div>\n\t\t\t\t\t<\/div>\n\t\t<\/section>\n\t\t\t\t\t<\/div>\n\t\t<\/div>\n\t\t\t\t\t<\/div>\n\t\t<\/section>\n\t\t\t\t<section class=\"elementor-section elementor-top-section elementor-element elementor-element-746fb6f elementor-section-boxed elementor-section-height-default elementor-section-height-default\" data-id=\"746fb6f\" data-element_type=\"section\" data-e-type=\"section\" data-settings=\"{&quot;background_background&quot;:&quot;classic&quot;,&quot;shape_divider_bottom&quot;:&quot;tilt&quot;}\">\n\t\t\t\t\t<div class=\"elementor-shape elementor-shape-bottom\" aria-hidden=\"true\" data-negative=\"false\">\n\t\t\t<svg xmlns=\"http:\/\/www.w3.org\/2000\/svg\" viewbox=\"0 0 1000 100\" preserveaspectratio=\"none\">\n\t<path class=\"elementor-shape-fill\" d=\"M0,6V0h1000v100L0,6z\"\/>\n<\/svg>\t\t<\/div>\n\t\t\t\t\t<div class=\"elementor-container elementor-column-gap-default\">\n\t\t\t\t\t<div class=\"elementor-column elementor-col-100 elementor-top-column elementor-element elementor-element-ac4b9e5\" data-id=\"ac4b9e5\" data-element_type=\"column\" data-e-type=\"column\">\n\t\t\t<div class=\"elementor-widget-wrap elementor-element-populated\">\n\t\t\t\t\t\t<section class=\"elementor-section elementor-inner-section elementor-element elementor-element-9fa6974 elementor-section-full_width elementor-section-height-default elementor-section-height-default\" data-id=\"9fa6974\" data-element_type=\"section\" data-e-type=\"section\">\n\t\t\t\t\t\t<div class=\"elementor-container elementor-column-gap-default\">\n\t\t\t\t\t<div class=\"elementor-column elementor-col-33 elementor-inner-column elementor-element elementor-element-09f1ed4\" data-id=\"09f1ed4\" data-element_type=\"column\" data-e-type=\"column\">\n\t\t\t<div class=\"elementor-widget-wrap elementor-element-populated\">\n\t\t\t\t\t\t<div class=\"elementor-element elementor-element-582ae70 elementor-position-top elementor-widget elementor-widget-image-box\" data-id=\"582ae70\" data-element_type=\"widget\" data-e-type=\"widget\" data-widget_type=\"image-box.default\">\n\t\t\t\t\t<div class=\"elementor-image-box-wrapper\"><figure class=\"elementor-image-box-img\"><a href=\"https:\/\/www.daroboxingclub.com\/es\/qui-som\/izan-gonzalez\/\" tabindex=\"-1\"><img loading=\"lazy\" decoding=\"async\" width=\"340\" height=\"440\" src=\"https:\/\/www.daroboxingclub.com\/wp-content\/uploads\/2024\/05\/DAro-Boxing-Club-Qui-Som-Izan-Gonzalez.jpg\" class=\"elementor-animation-bob attachment-full size-full wp-image-4264\" alt=\"D&#039;Aro Boxing Club - Quienes Somos - Izan Gonz\u00e1lez\" srcset=\"https:\/\/www.daroboxingclub.com\/wp-content\/uploads\/2024\/05\/DAro-Boxing-Club-Qui-Som-Izan-Gonzalez.jpg 340w, https:\/\/www.daroboxingclub.com\/wp-content\/uploads\/2024\/05\/DAro-Boxing-Club-Qui-Som-Izan-Gonzalez-232x300.jpg 232w\" sizes=\"(max-width: 340px) 100vw, 340px\" \/><\/a><\/figure><div class=\"elementor-image-box-content\"><h3 class=\"elementor-image-box-title\"><a href=\"https:\/\/www.daroboxingclub.com\/es\/qui-som\/izan-gonzalez\/\">Izan Gonz\u00e1lez<\/a><\/h3><p class=\"elementor-image-box-description\">Luchador<\/p><\/div><\/div>\t\t\t\t<\/div>\n\t\t\t\t\t<\/div>\n\t\t<\/div>\n\t\t\t\t<div class=\"elementor-column elementor-col-33 elementor-inner-column elementor-element elementor-element-9ecb397\" data-id=\"9ecb397\" data-element_type=\"column\" data-e-type=\"column\">\n\t\t\t<div class=\"elementor-widget-wrap\">\n\t\t\t\t\t\t\t<\/div>\n\t\t<\/div>\n\t\t\t\t<div class=\"elementor-column elementor-col-33 elementor-inner-column elementor-element elementor-element-82c8d95\" data-id=\"82c8d95\" data-element_type=\"column\" data-e-type=\"column\">\n\t\t\t<div class=\"elementor-widget-wrap\">\n\t\t\t\t\t\t\t<\/div>\n\t\t<\/div>\n\t\t\t\t\t<\/div>\n\t\t<\/section>\n\t\t\t\t\t<\/div>\n\t\t<\/div>\n\t\t\t\t\t<\/div>\n\t\t<\/section>\n\t\t\t\t<\/div>","protected":false},"excerpt":{"rendered":"<p>D\u2019Aro Boxing \u00e9s la uni\u00f3 de la dedicaci\u00f3, dels esfor\u00e7os, la passi\u00f3 i la il\u00b7lusi\u00f3 d\u2019un gran equip Ens coneixem? Josep Maria Balmanya &#8220;\u00d1a\u00f1a&#8221; President i Entrenador Albert Burch Nutricionista Yanni Chen Lluitadora Izan Gonz\u00e1lez Lluitador<\/p>","protected":false},"author":1,"featured_media":1564,"parent":0,"menu_order":0,"comment_status":"closed","ping_status":"closed","template":"templates\/page-builder.php","meta":{"footnotes":""},"class_list":["post-689","page","type-page","status-publish","has-post-thumbnail","hentry"],"_links":{"self":[{"href":"https:\/\/www.daroboxingclub.com\/es\/wp-json\/wp\/v2\/pages\/689","targetHints":{"allow":["GET"]}}],"collection":[{"href":"https:\/\/www.daroboxingclub.com\/es\/wp-json\/wp\/v2\/pages"}],"about":[{"href":"https:\/\/www.daroboxingclub.com\/es\/wp-json\/wp\/v2\/types\/page"}],"author":[{"embeddable":true,"href":"https:\/\/www.daroboxingclub.com\/es\/wp-json\/wp\/v2\/users\/1"}],"replies":[{"embeddable":true,"href":"https:\/\/www.daroboxingclub.com\/es\/wp-json\/wp\/v2\/comments?post=689"}],"version-history":[{"count":6,"href":"https:\/\/www.daroboxingclub.com\/es\/wp-json\/wp\/v2\/pages\/689\/revisions"}],"predecessor-version":[{"id":4583,"href":"https:\/\/www.daroboxingclub.com\/es\/wp-json\/wp\/v2\/pages\/689\/revisions\/4583"}],"wp:featuredmedia":[{"embeddable":true,"href":"https:\/\/www.daroboxingclub.com\/es\/wp-json\/wp\/v2\/media\/1564"}],"wp:attachment":[{"href":"https:\/\/www.daroboxingclub.com\/es\/wp-json\/wp\/v2\/media?parent=689"}],"curies":[{"name":"wp","href":"https:\/\/api.w.org\/{rel}","templated":true}]}}