{"id":3060,"date":"2023-04-26T11:10:45","date_gmt":"2023-04-26T09:10:45","guid":{"rendered":"https:\/\/www.daroboxingclub.com\/?post_type=product&#038;p=3060"},"modified":"2026-03-12T22:48:06","modified_gmt":"2026-03-12T21:48:06","slug":"interclub-vall-daro-entrada","status":"publish","type":"product","link":"https:\/\/www.daroboxingclub.com\/es\/daro-boxing-shop\/esdeveniment\/interclub-vall-daro-entrada\/","title":{"rendered":"Interclub Vall d\u2019Aro \u2013 Entrada"},"content":{"rendered":"","protected":false},"excerpt":{"rendered":"<p style=\"text-align: justify;\" class=\"translation-block\"><strong>D'aro Boxing Club<\/strong> abre puertas para que todos los espectadores y amantes del boxeo, kick boxing y muay thay puedan disfrutar de un magn\u00edfico interclub, protagonizado por m\u00e1s de 40 ni\u00f1os y ni\u00f1as y 40 adultos realizando combates de categor\u00edas con la participaci\u00f3n de 15 clubes deportivos. Os esperamos a todos, peque\u00f1os y mayores, para que disfruten de esta jornada con <strong>entrada totalmente gratuita<\/strong>.<\/p>\n<p style=\"text-align: justify;\">Consigue las entradas que necesites rellenando el siguiente formulario. Recibir\u00e1s un mail con toda la informaci\u00f3n para poder acceder al evento.<\/p>","protected":false},"featured_media":3126,"template":"","meta":[],"product_brand":[],"product_cat":[53],"product_tag":[],"class_list":{"0":"post-3060","1":"product","2":"type-product","3":"status-publish","4":"has-post-thumbnail","6":"product_cat-esdeveniment","8":"first","9":"instock","10":"virtual","11":"taxable","12":"purchasable","13":"product-type-simple"},"_links":{"self":[{"href":"https:\/\/www.daroboxingclub.com\/es\/wp-json\/wp\/v2\/product\/3060","targetHints":{"allow":["GET"]}}],"collection":[{"href":"https:\/\/www.daroboxingclub.com\/es\/wp-json\/wp\/v2\/product"}],"about":[{"href":"https:\/\/www.daroboxingclub.com\/es\/wp-json\/wp\/v2\/types\/product"}],"wp:featuredmedia":[{"embeddable":true,"href":"https:\/\/www.daroboxingclub.com\/es\/wp-json\/wp\/v2\/media\/3126"}],"wp:attachment":[{"href":"https:\/\/www.daroboxingclub.com\/es\/wp-json\/wp\/v2\/media?parent=3060"}],"wp:term":[{"taxonomy":"product_brand","embeddable":true,"href":"https:\/\/www.daroboxingclub.com\/es\/wp-json\/wp\/v2\/product_brand?post=3060"},{"taxonomy":"product_cat","embeddable":true,"href":"https:\/\/www.daroboxingclub.com\/es\/wp-json\/wp\/v2\/product_cat?post=3060"},{"taxonomy":"product_tag","embeddable":true,"href":"https:\/\/www.daroboxingclub.com\/es\/wp-json\/wp\/v2\/product_tag?post=3060"}],"curies":[{"name":"wp","href":"https:\/\/api.w.org\/{rel}","templated":true}]}}