{"id":3102,"date":"2023-04-26T22:01:27","date_gmt":"2023-04-26T20:01:27","guid":{"rendered":"https:\/\/www.daroboxingclub.com\/?post_type=product&#038;p=3102"},"modified":"2026-03-12T23:04:01","modified_gmt":"2026-03-12T22:04:01","slug":"inscripcio-interclub-valldaro","status":"publish","type":"product","link":"https:\/\/www.daroboxingclub.com\/es\/daro-boxing-shop\/esdeveniment\/inscripcio-interclub-valldaro\/","title":{"rendered":"Inscripci\u00f3n Interclub Vall d\u2019Aro"},"content":{"rendered":"","protected":false},"excerpt":{"rendered":"<p style=\"text-align: justify;\" class=\"translation-block\">El <strong>Interclub Vall d'Aro<\/strong>, protagonizado por m\u00e1s de 40 ni\u00f1os y ni\u00f1as y 40 adultos re\u00fane combates de kick boxing y muay thay con la participaci\u00f3n de 15 clubes deportivos.<\/p>\n<p><strong><span style=\"font-size: 14pt;\">\u00bfQuieres participar en este evento?<\/span><\/strong><\/p>\n<p style=\"text-align: justify;\">Inscr\u00edbete rellenando el siguiente formulario y nos pondremos en contacto contigo en breve.<\/p>","protected":false},"featured_media":3175,"template":"","meta":[],"product_brand":[],"product_cat":[53],"product_tag":[],"class_list":{"0":"post-3102","1":"product","2":"type-product","3":"status-publish","4":"has-post-thumbnail","6":"product_cat-esdeveniment","8":"first","9":"instock","10":"virtual","11":"sold-individually","12":"taxable","13":"purchasable","14":"product-type-simple"},"_links":{"self":[{"href":"https:\/\/www.daroboxingclub.com\/es\/wp-json\/wp\/v2\/product\/3102","targetHints":{"allow":["GET"]}}],"collection":[{"href":"https:\/\/www.daroboxingclub.com\/es\/wp-json\/wp\/v2\/product"}],"about":[{"href":"https:\/\/www.daroboxingclub.com\/es\/wp-json\/wp\/v2\/types\/product"}],"wp:featuredmedia":[{"embeddable":true,"href":"https:\/\/www.daroboxingclub.com\/es\/wp-json\/wp\/v2\/media\/3175"}],"wp:attachment":[{"href":"https:\/\/www.daroboxingclub.com\/es\/wp-json\/wp\/v2\/media?parent=3102"}],"wp:term":[{"taxonomy":"product_brand","embeddable":true,"href":"https:\/\/www.daroboxingclub.com\/es\/wp-json\/wp\/v2\/product_brand?post=3102"},{"taxonomy":"product_cat","embeddable":true,"href":"https:\/\/www.daroboxingclub.com\/es\/wp-json\/wp\/v2\/product_cat?post=3102"},{"taxonomy":"product_tag","embeddable":true,"href":"https:\/\/www.daroboxingclub.com\/es\/wp-json\/wp\/v2\/product_tag?post=3102"}],"curies":[{"name":"wp","href":"https:\/\/api.w.org\/{rel}","templated":true}]}}